{"id":6,"date":"2019-08-01T08:56:53","date_gmt":"2019-08-01T08:56:53","guid":{"rendered":"http:\/\/www.arcetri.astro.it\/~cnoc11\/?page_id=2"},"modified":"2019-09-11T12:38:13","modified_gmt":"2019-09-11T10:38:13","slug":"home","status":"publish","type":"page","link":"https:\/\/www.arcetri.inaf.it\/~cnoc11\/","title":{"rendered":"CNOC XI &#8211; HOME PAGE"},"content":{"rendered":"\n<figure class=\"wp-block-image\"><img loading=\"lazy\" width=\"1024\" height=\"276\" src=\"http:\/\/www.arcetri.astro.it\/~cnoc11\/wp-content\/uploads\/2019\/08\/loghi_home-1024x276.png\" alt=\"\" class=\"wp-image-435\" srcset=\"https:\/\/www.arcetri.inaf.it\/~cnoc11\/wp-content\/uploads\/2019\/08\/loghi_home-1024x276.png 1024w, https:\/\/www.arcetri.inaf.it\/~cnoc11\/wp-content\/uploads\/2019\/08\/loghi_home-300x81.png 300w, https:\/\/www.arcetri.inaf.it\/~cnoc11\/wp-content\/uploads\/2019\/08\/loghi_home-768x207.png 768w, https:\/\/www.arcetri.inaf.it\/~cnoc11\/wp-content\/uploads\/2019\/08\/loghi_home.png 1240w\" sizes=\"(max-width: 1024px) 100vw, 1024px\" \/><\/figure>\n\n\n\n<p align=\"justify\">\nLa ricerca nel settore dell&#8217;astrofisica degli oggetti compatti vive oggi un periodo particolarmente entusiasmante. Questi oggetti astrofisici sono infatti al centro della rivoluzione dell&#8217;astrofisica multi-messenger, che ha di recente preso il via con la prima rivelazione di onde gravitazionali.\n<br>\nIl CNOC ha lo scopo di riunire la comunit\u00e0 italiana che si occupa di astrofisica degli oggetti compatti, in tutte le loro sfaccettature. La ricerca in questo campo \u00e8 particolarmente vivace in Italia, sempre ricca di nuovi ed interessanti risultati. \nQuesto convegno fornisce l&#8217;occasione per discutere sviluppi recenti e futuri nel campo e di presentare ai giovani un quadro il pi\u00f9 completo e aggiornato  possibile delle attivit\u00e0 di ricerca. \n<br>\n\n<br>\nCome \u00e8 ormai tradizione il CNOC torna, due anni dopo l&#8217;ultima edizione, per l&#8217;undicesimo appuntamento.<br> \nCNOC XI si terr\u00e0 a <b>Firenze<\/b>, dal <b>19 al 22 Novembre 2019<\/b>, ospitato dal Dipartimento di Fisca ed Astronomia dell&#8217;Universit\u00e0 degli Studi di Firenze, sulla collina di Arcetri.<br>\n <br>\nCome nelle passate edizioni si manterr\u00e0 il  carattere informale del convegno, con l&#8217;idea di creare principalmente  un&#8217;occasione di incontro e scambio di idee tra i partecipanti, mantenedo cos\u00ec i contatti (o creandone di nuovi) tra i membri della comunit\u00e0. Anche questa volta verr\u00e0 dato ampio spazio ai giovani ricercatori (laureandi\/dottorandi\/assegnisti), permettendo loro di presentare oralmente i contributi pi\u00f9 interessanti.<br>\n <br>\nCome da tradizione il congresso si concentrer\u00e0 su oggetti compatti galattici o extra-galattici, ospitando sia contributi osservativi che teorici. I principali argomenti saranno:<br>\n\n<ul style=\"list-style-image: url('http:\/\/www.arcetri.astro.it\/~cnoc11\/wp-content\/uploads\/2019\/08\/stellina-e1564651819537.png');\">\n    <li>Pulsar Radio, Resti di Supernova, Pulsar Wind Nebulae<\/li>\n    <li>Stelle di Neutroni in Binarie X<\/li>\n    <li>Magnetars, Soft-Gamma Repeaters, Anomalous X-ray pulsars, Stelle di Neutroni Isolate<\/li>\n    <li>Ultraluminous X-Ray Sources<\/li>\n    <li>Buchi Neri in Binarie X<\/li>\n    <li>Nane Bianche e Variabili Cataclismiche<\/li>\n    <li>Nuova strumentazione multi-banda per l&#8217;astrofisica degli oggetti compatti<\/li>\n    <li>Onde Gravitazionali e Astrofisica multi-messenger<\/li>\n\n  <\/ul>\n\n<br>\n<br>\n<\/p>\n\n\n\n<table border=\"none\" align=\"center\" bgcolor=\"#FFFFFF\">\n<style type=\"text\/css\">\ntable {\n  border:0px solid grey;\n border-collapse: collapse;\n}\ntd {\n    border: none;\n}\n<\/style>\n<tbody>\n<tr>\n<td width=\"250\"><img loading=\"lazy\" class=\"alignnone size-full wp-image-1382\" src=\"http:\/\/www.arcetri.astro.it\/~cnoc11\/wp-content\/uploads\/2019\/09\/Locandina_reduced_new.jpg\" alt=\"\" width=\"2384\" height=\"3370\"><\/td> \n<td>    <\/td>\n<td><br>&nbsp;Scarica la locandina <a href=\"http:\/\/www.arcetri.astro.it\/~cnoc11\/wp-content\/uploads\/2019\/09\/Locandina.pdf\" target=\"_blank\" rel=\"noopener noreferrer\" style=\"color:#551A8B\"><strong> QUI <\/strong><\/a><\/td>\n<\/tr>\n<\/tbody>\n<\/table>\n","protected":false},"excerpt":{"rendered":"<p>La ricerca nel settore dell&#8217;astrofisica degli oggetti compatti vive oggi un periodo particolarmente entusiasmante. Questi oggetti astrofisici sono infatti al centro della rivoluzione dell&#8217;astrofisica multi-messenger, che ha di recente preso il via con la prima rivelazione di onde gravitazionali. Il CNOC ha lo scopo di riunire la comunit\u00e0 italiana che si occupa di astrofisica degli &hellip; <a href=\"https:\/\/www.arcetri.inaf.it\/~cnoc11\/\" class=\"more-link\">Continue reading <span class=\"screen-reader-text\">CNOC XI &#8211; HOME PAGE<\/span> <span class=\"meta-nav\">&rarr;<\/span><\/a><\/p>\n","protected":false},"author":3,"featured_media":0,"parent":0,"menu_order":0,"comment_status":"closed","ping_status":"closed","template":"","meta":[],"_links":{"self":[{"href":"https:\/\/www.arcetri.inaf.it\/~cnoc11\/wp-json\/wp\/v2\/pages\/6"}],"collection":[{"href":"https:\/\/www.arcetri.inaf.it\/~cnoc11\/wp-json\/wp\/v2\/pages"}],"about":[{"href":"https:\/\/www.arcetri.inaf.it\/~cnoc11\/wp-json\/wp\/v2\/types\/page"}],"author":[{"embeddable":true,"href":"https:\/\/www.arcetri.inaf.it\/~cnoc11\/wp-json\/wp\/v2\/users\/3"}],"replies":[{"embeddable":true,"href":"https:\/\/www.arcetri.inaf.it\/~cnoc11\/wp-json\/wp\/v2\/comments?post=6"}],"version-history":[{"count":35,"href":"https:\/\/www.arcetri.inaf.it\/~cnoc11\/wp-json\/wp\/v2\/pages\/6\/revisions"}],"predecessor-version":[{"id":1686,"href":"https:\/\/www.arcetri.inaf.it\/~cnoc11\/wp-json\/wp\/v2\/pages\/6\/revisions\/1686"}],"wp:attachment":[{"href":"https:\/\/www.arcetri.inaf.it\/~cnoc11\/wp-json\/wp\/v2\/media?parent=6"}],"curies":[{"name":"wp","href":"https:\/\/api.w.org\/{rel}","templated":true}]}}