{"id":504,"date":"2019-08-02T13:30:28","date_gmt":"2019-08-02T13:30:28","guid":{"rendered":"http:\/\/www.arcetri.astro.it\/~cnoc11\/?page_id=504"},"modified":"2019-09-04T16:25:47","modified_gmt":"2019-09-04T14:25:47","slug":"facilities","status":"publish","type":"page","link":"https:\/\/www.arcetri.inaf.it\/~cnoc11\/facilities\/","title":{"rendered":"FACILITIES"},"content":{"rendered":"\n<p>La collina di Arcetri pu\u00f2 essere raggiunta con i mezzi pubblici dal centro della citt\u00e0. Una lista di hotel sia nella zona del centro che nella zona di Oltrarno, pi\u00f9 vicina a Porta Romana e ad Arcetri, \u00e8 disponibile ai seguenti link sulla pagina dell&#8217;Osservatorio Astrofisico di Arcetri:<br>\n <br>\n<a href=\"https:\/\/www.arcetri.inaf.it\/informazioni\/come-raggiungerci\/179-informazioni\/249-hotels-zona-centrale\" style=\"color:#551A8B\" target=\"_blank\" rel=\"noopener noreferrer\">ZONA CENTRALE<\/a>\n<br>\n<a href=\"https:\/\/www.arcetri.inaf.it\/informazioni\/come-raggiungerci\/179-informazioni\/251-hotels-zona-osservatorio\" style=\"color:#551A8B\" target=\"_blank\" rel=\"noopener noreferrer\">OLTRARNO<\/a>\n<br>\n<br>\n\nIn Oltrarno si trova il quartiere di San Frediano, attualmente il quartiere della movida fiorentina, dove \u00e8 possibile trovare un grandissimo numero di locali e ristoranti di ogni tipo. <br>\nUna lista completa di ristoranti a Firenze si pu\u00f2 trovare di nuovo sulla pagina dell&#8217;Osservatorio:<br>\n <br>\n<a href=\"https:\/\/www.arcetri.inaf.it\/informazioni\/come-raggiungerci\/191-information\/292-restaurants-in-florenze\" style=\"color:#551A8B\" target=\"_blank\" rel=\"noopener noreferrer\">RISTORANTI<\/a>\n<br>\n<br>\nTra questi segnaliamo:<br>\n <a href=\"http:\/\/www.anticoristorodicambi.it\/\" style=\"color:#551A8B\" target=\"_blank\" rel=\"noopener noreferrer\">L&#8217;antico ristoro di Cambi<\/a> (cucina toscana e bistecca alla fiorentina)\n<br>\n<a href=\"https:\/\/www.tripadvisor.it\/Restaurant_Review-g187895-d1088231-Reviews-Al_Tranvai-Florence_Tuscany.html\" style=\"color:#551A8B\" target=\"_blank\" rel=\"noopener noreferrer\">Al Tranvai<\/a> (cucina toscana)\n<br>\n<a href=\"https:\/\/www.tripadvisor.it\/Restaurant_Review-g187895-d10697056-Reviews-Podere_39-Florence_Tuscany.html\" style=\"color:#551A8B\" target=\"_blank\" rel=\"noopener noreferrer\">Podere 39<\/a> (cucina toscana)\n<br>\n<a href=\"https:\/\/www.tripadvisor.it\/Restaurant_Review-g187895-d1109308-Reviews-Il_Vico_del_Carmine-Florence_Tuscany.html\" style=\"color:#551A8B\" target=\"_blank\" rel=\"noopener noreferrer\">Il vico del Carmine<\/a> (pizzeria napoletana)<br>\n<a href=\"https:\/\/donfefe.business.site\/\" style=\"color:#551A8B\" target=\"_blank\" rel=\"noopener noreferrer\">Don Fefe&#8217;<\/a> (pizzeria napoletana anche senza glutine)<br>\n<br>\nGli eventi (concerti, mostre, etc) in corso a Firenze si trovano qui:\n<br>\n<a href=\"http:\/\/www.firenzetoday.it\/eventi\/\" style=\"color:#551A8B\" target=\"_blank\" rel=\"noopener noreferrer\">firenzetoday<\/a>\n<br>\n<br>\nAltre informazioni sulla citt\u00e0 di Firenze possono essere trovate sul sito:\n<br>\n<a href=\"http:\/\/www.firenzeturismo.it\/en\/\" style=\"color:#551A8B\" target=\"_blank\" rel=\"noopener noreferrer\">firenzeturismo<\/a>\n\n<\/p>\n","protected":false},"excerpt":{"rendered":"<p>La collina di Arcetri pu\u00f2 essere raggiunta con i mezzi pubblici dal centro della citt\u00e0. Una lista di hotel sia nella zona del centro che nella zona di Oltrarno, pi\u00f9 vicina a Porta Romana e ad Arcetri, \u00e8 disponibile ai seguenti link sulla pagina dell&#8217;Osservatorio Astrofisico di Arcetri: ZONA CENTRALE OLTRARNO In Oltrarno si trova &hellip; <a href=\"https:\/\/www.arcetri.inaf.it\/~cnoc11\/facilities\/\" class=\"more-link\">Continue reading <span class=\"screen-reader-text\">FACILITIES<\/span> <span class=\"meta-nav\">&rarr;<\/span><\/a><\/p>\n","protected":false},"author":3,"featured_media":0,"parent":0,"menu_order":0,"comment_status":"closed","ping_status":"closed","template":"","meta":[],"_links":{"self":[{"href":"https:\/\/www.arcetri.inaf.it\/~cnoc11\/wp-json\/wp\/v2\/pages\/504"}],"collection":[{"href":"https:\/\/www.arcetri.inaf.it\/~cnoc11\/wp-json\/wp\/v2\/pages"}],"about":[{"href":"https:\/\/www.arcetri.inaf.it\/~cnoc11\/wp-json\/wp\/v2\/types\/page"}],"author":[{"embeddable":true,"href":"https:\/\/www.arcetri.inaf.it\/~cnoc11\/wp-json\/wp\/v2\/users\/3"}],"replies":[{"embeddable":true,"href":"https:\/\/www.arcetri.inaf.it\/~cnoc11\/wp-json\/wp\/v2\/comments?post=504"}],"version-history":[{"count":15,"href":"https:\/\/www.arcetri.inaf.it\/~cnoc11\/wp-json\/wp\/v2\/pages\/504\/revisions"}],"predecessor-version":[{"id":1556,"href":"https:\/\/www.arcetri.inaf.it\/~cnoc11\/wp-json\/wp\/v2\/pages\/504\/revisions\/1556"}],"wp:attachment":[{"href":"https:\/\/www.arcetri.inaf.it\/~cnoc11\/wp-json\/wp\/v2\/media?parent=504"}],"curies":[{"name":"wp","href":"https:\/\/api.w.org\/{rel}","templated":true}]}}